{"id":700,"date":"2023-09-03T23:15:11","date_gmt":"2023-09-03T21:15:11","guid":{"rendered":"https:\/\/tommytomson.com\/?post_type=product&#038;p=700"},"modified":"2025-06-22T19:29:04","modified_gmt":"2025-06-22T17:29:04","slug":"bawelniany-dres-damski-tommy","status":"publish","type":"product","link":"https:\/\/tommytomson.com\/en\/product\/bawelniany-dres-damski-tommy\/","title":{"rendered":"Tommy Woman Cotton Set"},"content":{"rendered":"<p>Wygodny Bawe\u0142niany Dres Damski to komplet w kt\u00f3rego sk\u0142ad wchodzi top i d\u0142ugie spodnie. Komplet zdobiony logo.<\/p>\n<p>Bawe\u0142na 95%<br \/>\nElastan 5%<\/p>\n<p>Made in Poland<\/p>\n<table>\n<caption>Hoodie<\/caption>\n<tbody>\n<tr>\n<th>cm<\/th>\n<th>XS<\/th>\n<th>S<\/th>\n<th>M<\/th>\n<th>L<\/th>\n<\/tr>\n<tr>\n<th>Length<\/th>\n<td>51<\/td>\n<td>52<\/td>\n<td>53<\/td>\n<td>54<\/td>\n<\/tr>\n<tr>\n<th>Chest Width<\/th>\n<td>46<\/td>\n<td>48<\/td>\n<td>50<\/td>\n<td>54<\/td>\n<\/tr>\n<tr>\n<th>Waist Width<\/th>\n<td>36<\/td>\n<td>39<\/td>\n<td>42<\/td>\n<td>45<\/td>\n<\/tr>\n<\/tbody>\n<\/table>\n<table>\n<caption>Pants<\/caption>\n<tbody>\n<tr>\n<th>cm<\/th>\n<th>XS<\/th>\n<th>S<\/th>\n<th>M<\/th>\n<th>L<\/th>\n<\/tr>\n<tr>\n<th>Length<\/th>\n<td>86<\/td>\n<td>89<\/td>\n<td>92<\/td>\n<td>95<\/td>\n<\/tr>\n<tr>\n<th>Waist Width<\/th>\n<td>24<\/td>\n<td>26<\/td>\n<td>28<\/td>\n<td>31<\/td>\n<\/tr>\n<tr>\n<th>Hip Width<\/th>\n<td>43<\/td>\n<td>46<\/td>\n<td>49<\/td>\n<td>52<\/td>\n<\/tr>\n<tr>\n<th>Thighs Width<\/th>\n<td>22<\/td>\n<td>24<\/td>\n<td>26<\/td>\n<td>28<\/td>\n<\/tr>\n<tr>\n<th>Leg Width<\/th>\n<td>9<\/td>\n<td>10<\/td>\n<td>11<\/td>\n<td>12<\/td>\n<\/tr>\n<\/tbody>\n<\/table>\n<p>&nbsp;<\/p>","protected":false},"excerpt":{"rendered":"<p>Comfortable cotton women's set, which includes a top and long trousers. The set is decorated with a logo.<\/p>","protected":false},"featured_media":702,"comment_status":"open","ping_status":"closed","template":"","meta":[],"product_cat":[33],"product_tag":[],"class_list":{"0":"post-700","1":"product","2":"type-product","3":"status-publish","4":"has-post-thumbnail","6":"product_cat-damskie-komplety","8":"first","9":"instock","10":"shipping-taxable","11":"purchasable","12":"product-type-variable","13":"has-default-attributes"},"yoast_head":"<!-- This site is optimized with the Yoast SEO Premium plugin v20.9 (Yoast SEO v24.0) - https:\/\/yoast.com\/wordpress\/plugins\/seo\/ -->\n<title>Bawe\u0142niany Dres Damski Tommy - TommyTomson - Moda Damska i M\u0119ska<\/title>\n<meta name=\"description\" content=\"Wygodny Bawe\u0142niany Dres damski, w kt\u00f3rego sk\u0142ad wchodzi top i d\u0142ugie spodnie. Komplet zdobiony logo.\" \/>\n<meta name=\"robots\" content=\"index, follow, max-snippet:-1, max-image-preview:large, max-video-preview:-1\" \/>\n<link rel=\"canonical\" href=\"https:\/\/tommytomson.com\/en\/product\/bawelniany-dres-damski-tommy\/\" \/>\n<meta property=\"og:locale\" content=\"en_GB\" \/>\n<meta property=\"og:type\" content=\"article\" \/>\n<meta property=\"og:title\" content=\"Bawe\u0142niany Dres Damski Tommy\" \/>\n<meta property=\"og:description\" content=\"Wygodny Bawe\u0142niany Dres damski, w kt\u00f3rego sk\u0142ad wchodzi top i d\u0142ugie spodnie. Komplet zdobiony logo.\" \/>\n<meta property=\"og:url\" content=\"https:\/\/tommytomson.com\/en\/product\/bawelniany-dres-damski-tommy\/\" \/>\n<meta property=\"og:site_name\" content=\"TommyTomson - Moda Damska i M\u0119ska\" \/>\n<meta property=\"article:publisher\" content=\"https:\/\/www.facebook.com\/tommytomsoncom\" \/>\n<meta property=\"article:modified_time\" content=\"2025-06-22T17:29:04+00:00\" \/>\n<meta property=\"og:image\" content=\"https:\/\/tommytomson.com\/wp-content\/uploads\/2023\/09\/BDCF.jpg\" \/>\n\t<meta property=\"og:image:width\" content=\"1200\" \/>\n\t<meta property=\"og:image:height\" content=\"1600\" \/>\n\t<meta property=\"og:image:type\" content=\"image\/jpeg\" \/>\n<meta name=\"twitter:card\" content=\"summary_large_image\" \/>\n<meta name=\"twitter:site\" content=\"@tommytomsoncom\" \/>\n<meta name=\"twitter:label1\" content=\"Availability\" \/>\n\t<meta name=\"twitter:data1\" content=\"In stock\" \/>\n<script type=\"application\/ld+json\" class=\"yoast-schema-graph\">{\"@context\":\"https:\/\/schema.org\",\"@graph\":[{\"@type\":\"WebPage\",\"@id\":\"https:\/\/tommytomson.com\/produkt\/bawelniany-dres-damski-tommy\/\",\"url\":\"https:\/\/tommytomson.com\/produkt\/bawelniany-dres-damski-tommy\/\",\"name\":\"Bawe\u0142niany Dres Damski Tommy - TommyTomson - Moda Damska i M\u0119ska\",\"isPartOf\":{\"@id\":\"https:\/\/tommytomson.com\/#website\"},\"primaryImageOfPage\":{\"@id\":\"https:\/\/tommytomson.com\/produkt\/bawelniany-dres-damski-tommy\/#primaryimage\"},\"image\":{\"@id\":\"https:\/\/tommytomson.com\/produkt\/bawelniany-dres-damski-tommy\/#primaryimage\"},\"thumbnailUrl\":\"https:\/\/tommytomson.com\/wp-content\/uploads\/2023\/09\/BDCF.jpg\",\"datePublished\":\"2023-09-03T21:15:11+00:00\",\"dateModified\":\"2025-06-22T17:29:04+00:00\",\"description\":\"Wygodny Bawe\u0142niany Dres damski, w kt\u00f3rego sk\u0142ad wchodzi top i d\u0142ugie spodnie. Komplet zdobiony logo.\",\"breadcrumb\":{\"@id\":\"https:\/\/tommytomson.com\/produkt\/bawelniany-dres-damski-tommy\/#breadcrumb\"},\"inLanguage\":\"en-GB\",\"potentialAction\":[{\"@type\":\"ReadAction\",\"target\":[\"https:\/\/tommytomson.com\/produkt\/bawelniany-dres-damski-tommy\/\"]}]},{\"@type\":\"ImageObject\",\"inLanguage\":\"en-GB\",\"@id\":\"https:\/\/tommytomson.com\/produkt\/bawelniany-dres-damski-tommy\/#primaryimage\",\"url\":\"https:\/\/tommytomson.com\/wp-content\/uploads\/2023\/09\/BDCF.jpg\",\"contentUrl\":\"https:\/\/tommytomson.com\/wp-content\/uploads\/2023\/09\/BDCF.jpg\",\"width\":1200,\"height\":1600},{\"@type\":\"BreadcrumbList\",\"@id\":\"https:\/\/tommytomson.com\/produkt\/bawelniany-dres-damski-tommy\/#breadcrumb\",\"itemListElement\":[{\"@type\":\"ListItem\",\"position\":1,\"name\":\"Strona g\u0142\u00f3wna\",\"item\":\"https:\/\/tommytomson.com\/\"},{\"@type\":\"ListItem\",\"position\":2,\"name\":\"Sklep\",\"item\":\"https:\/\/tommytomson.com\/\"},{\"@type\":\"ListItem\",\"position\":3,\"name\":\"Bawe\u0142niany Dres Damski Tommy\"}]},{\"@type\":\"WebSite\",\"@id\":\"https:\/\/tommytomson.com\/#website\",\"url\":\"https:\/\/tommytomson.com\/\",\"name\":\"TommyTomson - Moda Damska i M\u0119ska\",\"description\":\"Jeste\u015bmy now\u0105 mark\u0105 modow\u0105, specjalizuj\u0105c\u0105 si\u0119 w produkcji wysokiej jako\u015bci odzie\u017cy w\u0142asnej marki. Nasze produkty s\u0105 szyte w Polsce z niezwyk\u0142\u0105 staranno\u015bci\u0105, aby zapewni\u0107 naszym klientom komfort i wygod\u0119.\",\"publisher\":{\"@id\":\"https:\/\/tommytomson.com\/#organization\"},\"potentialAction\":[{\"@type\":\"SearchAction\",\"target\":{\"@type\":\"EntryPoint\",\"urlTemplate\":\"https:\/\/tommytomson.com\/?s={search_term_string}\"},\"query-input\":{\"@type\":\"PropertyValueSpecification\",\"valueRequired\":true,\"valueName\":\"search_term_string\"}}],\"inLanguage\":\"en-GB\"},{\"@type\":\"Organization\",\"@id\":\"https:\/\/tommytomson.com\/#organization\",\"name\":\"TommyTomson\",\"url\":\"https:\/\/tommytomson.com\/\",\"logo\":{\"@type\":\"ImageObject\",\"inLanguage\":\"en-GB\",\"@id\":\"https:\/\/tommytomson.com\/#\/schema\/logo\/image\/\",\"url\":\"https:\/\/tommytomson.com\/wp-content\/uploads\/2024\/01\/obraz_2024-01-09_110540903.png\",\"contentUrl\":\"https:\/\/tommytomson.com\/wp-content\/uploads\/2024\/01\/obraz_2024-01-09_110540903.png\",\"width\":4181,\"height\":514,\"caption\":\"TommyTomson\"},\"image\":{\"@id\":\"https:\/\/tommytomson.com\/#\/schema\/logo\/image\/\"},\"sameAs\":[\"https:\/\/www.facebook.com\/tommytomsoncom\",\"https:\/\/x.com\/tommytomsoncom\",\"https:\/\/www.instagram.com\/tommytomsoncom\/\",\"https:\/\/www.pinterest.com\/tommytomsoncom\/\"]}]}<\/script>\n<meta property=\"og:availability\" content=\"instock\" \/>\n<meta property=\"product:availability\" content=\"instock\" \/>\n<meta property=\"product:condition\" content=\"new\" \/>\n<!-- \/ Yoast SEO Premium plugin. -->","yoast_head_json":{"title":"Bawe\u0142niany Dres Damski Tommy - TommyTomson - Moda Damska i M\u0119ska","description":"Wygodny Bawe\u0142niany Dres damski, w kt\u00f3rego sk\u0142ad wchodzi top i d\u0142ugie spodnie. Komplet zdobiony logo.","robots":{"index":"index","follow":"follow","max-snippet":"max-snippet:-1","max-image-preview":"max-image-preview:large","max-video-preview":"max-video-preview:-1"},"canonical":"https:\/\/tommytomson.com\/en\/product\/bawelniany-dres-damski-tommy\/","og_locale":"en_GB","og_type":"article","og_title":"Bawe\u0142niany Dres Damski Tommy","og_description":"Wygodny Bawe\u0142niany Dres damski, w kt\u00f3rego sk\u0142ad wchodzi top i d\u0142ugie spodnie. Komplet zdobiony logo.","og_url":"https:\/\/tommytomson.com\/en\/product\/bawelniany-dres-damski-tommy\/","og_site_name":"TommyTomson - Moda Damska i M\u0119ska","article_publisher":"https:\/\/www.facebook.com\/tommytomsoncom","article_modified_time":"2025-06-22T17:29:04+00:00","og_image":[{"width":1200,"height":1600,"url":"https:\/\/tommytomson.com\/wp-content\/uploads\/2023\/09\/BDCF.jpg","type":"image\/jpeg"}],"twitter_card":"summary_large_image","twitter_site":"@tommytomsoncom","twitter_misc":{"Availability":"In stock"},"schema":{"@context":"https:\/\/schema.org","@graph":[{"@type":"WebPage","@id":"https:\/\/tommytomson.com\/produkt\/bawelniany-dres-damski-tommy\/","url":"https:\/\/tommytomson.com\/produkt\/bawelniany-dres-damski-tommy\/","name":"Bawe\u0142niany Dres Damski Tommy - TommyTomson - Moda Damska i M\u0119ska","isPartOf":{"@id":"https:\/\/tommytomson.com\/#website"},"primaryImageOfPage":{"@id":"https:\/\/tommytomson.com\/produkt\/bawelniany-dres-damski-tommy\/#primaryimage"},"image":{"@id":"https:\/\/tommytomson.com\/produkt\/bawelniany-dres-damski-tommy\/#primaryimage"},"thumbnailUrl":"https:\/\/tommytomson.com\/wp-content\/uploads\/2023\/09\/BDCF.jpg","datePublished":"2023-09-03T21:15:11+00:00","dateModified":"2025-06-22T17:29:04+00:00","description":"Wygodny Bawe\u0142niany Dres damski, w kt\u00f3rego sk\u0142ad wchodzi top i d\u0142ugie spodnie. Komplet zdobiony logo.","breadcrumb":{"@id":"https:\/\/tommytomson.com\/produkt\/bawelniany-dres-damski-tommy\/#breadcrumb"},"inLanguage":"en-GB","potentialAction":[{"@type":"ReadAction","target":["https:\/\/tommytomson.com\/produkt\/bawelniany-dres-damski-tommy\/"]}]},{"@type":"ImageObject","inLanguage":"en-GB","@id":"https:\/\/tommytomson.com\/produkt\/bawelniany-dres-damski-tommy\/#primaryimage","url":"https:\/\/tommytomson.com\/wp-content\/uploads\/2023\/09\/BDCF.jpg","contentUrl":"https:\/\/tommytomson.com\/wp-content\/uploads\/2023\/09\/BDCF.jpg","width":1200,"height":1600},{"@type":"BreadcrumbList","@id":"https:\/\/tommytomson.com\/produkt\/bawelniany-dres-damski-tommy\/#breadcrumb","itemListElement":[{"@type":"ListItem","position":1,"name":"Strona g\u0142\u00f3wna","item":"https:\/\/tommytomson.com\/"},{"@type":"ListItem","position":2,"name":"Sklep","item":"https:\/\/tommytomson.com\/"},{"@type":"ListItem","position":3,"name":"Bawe\u0142niany Dres Damski Tommy"}]},{"@type":"WebSite","@id":"https:\/\/tommytomson.com\/#website","url":"https:\/\/tommytomson.com\/","name":"TommyTomson - Moda Damska i M\u0119ska","description":"Jeste\u015bmy now\u0105 mark\u0105 modow\u0105, specjalizuj\u0105c\u0105 si\u0119 w produkcji wysokiej jako\u015bci odzie\u017cy w\u0142asnej marki. Nasze produkty s\u0105 szyte w Polsce z niezwyk\u0142\u0105 staranno\u015bci\u0105, aby zapewni\u0107 naszym klientom komfort i wygod\u0119.","publisher":{"@id":"https:\/\/tommytomson.com\/#organization"},"potentialAction":[{"@type":"SearchAction","target":{"@type":"EntryPoint","urlTemplate":"https:\/\/tommytomson.com\/?s={search_term_string}"},"query-input":{"@type":"PropertyValueSpecification","valueRequired":true,"valueName":"search_term_string"}}],"inLanguage":"en-GB"},{"@type":"Organization","@id":"https:\/\/tommytomson.com\/#organization","name":"TommyTomson","url":"https:\/\/tommytomson.com\/","logo":{"@type":"ImageObject","inLanguage":"en-GB","@id":"https:\/\/tommytomson.com\/#\/schema\/logo\/image\/","url":"https:\/\/tommytomson.com\/wp-content\/uploads\/2024\/01\/obraz_2024-01-09_110540903.png","contentUrl":"https:\/\/tommytomson.com\/wp-content\/uploads\/2024\/01\/obraz_2024-01-09_110540903.png","width":4181,"height":514,"caption":"TommyTomson"},"image":{"@id":"https:\/\/tommytomson.com\/#\/schema\/logo\/image\/"},"sameAs":["https:\/\/www.facebook.com\/tommytomsoncom","https:\/\/x.com\/tommytomsoncom","https:\/\/www.instagram.com\/tommytomsoncom\/","https:\/\/www.pinterest.com\/tommytomsoncom\/"]}]},"og_availability":"instock","product_availability":"instock","product_condition":"new"},"_links":{"self":[{"href":"https:\/\/tommytomson.com\/en\/wp-json\/wp\/v2\/product\/700","targetHints":{"allow":["GET"]}}],"collection":[{"href":"https:\/\/tommytomson.com\/en\/wp-json\/wp\/v2\/product"}],"about":[{"href":"https:\/\/tommytomson.com\/en\/wp-json\/wp\/v2\/types\/product"}],"replies":[{"embeddable":true,"href":"https:\/\/tommytomson.com\/en\/wp-json\/wp\/v2\/comments?post=700"}],"wp:featuredmedia":[{"embeddable":true,"href":"https:\/\/tommytomson.com\/en\/wp-json\/wp\/v2\/media\/702"}],"wp:attachment":[{"href":"https:\/\/tommytomson.com\/en\/wp-json\/wp\/v2\/media?parent=700"}],"wp:term":[{"taxonomy":"product_cat","embeddable":true,"href":"https:\/\/tommytomson.com\/en\/wp-json\/wp\/v2\/product_cat?post=700"},{"taxonomy":"product_tag","embeddable":true,"href":"https:\/\/tommytomson.com\/en\/wp-json\/wp\/v2\/product_tag?post=700"}],"curies":[{"name":"wp","href":"https:\/\/api.w.org\/{rel}","templated":true}]}}