{"id":405,"date":"2023-06-19T17:19:35","date_gmt":"2023-06-19T15:19:35","guid":{"rendered":"https:\/\/tommytomson.com\/?post_type=product&#038;p=405"},"modified":"2025-06-22T19:30:45","modified_gmt":"2025-06-22T17:30:45","slug":"letni-dres-meski","status":"publish","type":"product","link":"https:\/\/tommytomson.com\/en\/product\/letni-dres-meski\/","title":{"rendered":"Tommy Men's Summer Set"},"content":{"rendered":"<p>Men's summer velor set consisting of a hooded sweatshirt with short sleeves and short pants. it is a must-have on summer days. Set decorated with a logo.<br \/>\nPoliester: 100%.<\/p>\n<p>Made in Poland<\/p>\n<table>\n<caption>Hoodie<\/caption>\n<tbody>\n<tr>\n<th>cm<\/th>\n<th>S<\/th>\n<th>M<\/th>\n<th>L<\/th>\n<th>XL<\/th>\n<\/tr>\n<tr>\n<th>Length<\/th>\n<td>66<\/td>\n<td>67<\/td>\n<td>68<\/td>\n<td>69<\/td>\n<\/tr>\n<tr>\n<th>Chest Width<\/th>\n<td>52<\/td>\n<td>55<\/td>\n<td>58<\/td>\n<td>61<\/td>\n<\/tr>\n<tr>\n<th>Waist Width<\/th>\n<td>50<\/td>\n<td>53<\/td>\n<td>56<\/td>\n<td>59<\/td>\n<\/tr>\n<\/tbody>\n<\/table>\n<table>\n<caption>Pants<\/caption>\n<tbody>\n<tr>\n<th>cm<\/th>\n<th>S<\/th>\n<th>M<\/th>\n<th>L<\/th>\n<th>XL<\/th>\n<\/tr>\n<tr>\n<th>Length<\/th>\n<td>45<\/td>\n<td>46<\/td>\n<td>47<\/td>\n<td>48<\/td>\n<\/tr>\n<tr>\n<th>Waist Width<\/th>\n<td>30<\/td>\n<td>33<\/td>\n<td>36<\/td>\n<td>39<\/td>\n<\/tr>\n<tr>\n<th>Leg Lenght<\/th>\n<td>16<\/td>\n<td>17<\/td>\n<td>18<\/td>\n<td>19<\/td>\n<\/tr>\n<tr>\n<th>Thighs Width<\/th>\n<td>26<\/td>\n<td>29<\/td>\n<td>32<\/td>\n<td>34<\/td>\n<\/tr>\n<tr>\n<th>Leg Width<\/th>\n<td>21<\/td>\n<td>24<\/td>\n<td>27<\/td>\n<td>29<\/td>\n<\/tr>\n<\/tbody>\n<\/table>","protected":false},"excerpt":{"rendered":"<p>Men's short velor set consisting of a short-sleeved hoodie and short pants is a must-have item on summer days.<\/p>","protected":false},"featured_media":636,"comment_status":"open","ping_status":"closed","template":"","meta":[],"product_cat":[32],"product_tag":[],"class_list":{"0":"post-405","1":"product","2":"type-product","3":"status-publish","4":"has-post-thumbnail","6":"product_cat-meskie-komplety","8":"first","9":"instock","10":"shipping-taxable","11":"purchasable","12":"product-type-variable","13":"has-default-attributes"},"yoast_head":"<!-- This site is optimized with the Yoast SEO Premium plugin v20.9 (Yoast SEO v24.0) - https:\/\/yoast.com\/wordpress\/plugins\/seo\/ -->\n<title>Letni Dres M\u0119ski Tommy - TommyTomson.com<\/title>\n<meta name=\"description\" content=\"Letni komplet m\u0119ski welurowy w kt\u00f3rego sk\u0142ad wchodzi bluza z kapturem z kr\u00f3tkim r\u0119kawem i kr\u00f3tkie spodnie to obowi\u0105zkowa pozycja w letnie dni.\" \/>\n<meta name=\"robots\" content=\"index, follow, max-snippet:-1, max-image-preview:large, max-video-preview:-1\" \/>\n<link rel=\"canonical\" href=\"https:\/\/tommytomson.com\/en\/product\/letni-dres-meski\/\" \/>\n<meta property=\"og:locale\" content=\"en_GB\" \/>\n<meta property=\"og:type\" content=\"article\" \/>\n<meta property=\"og:title\" content=\"Letni Dres M\u0119ski Tommy\" \/>\n<meta property=\"og:description\" content=\"Letni komplet m\u0119ski welurowy w kt\u00f3rego sk\u0142ad wchodzi bluza z kapturem z kr\u00f3tkim r\u0119kawem i kr\u00f3tkie spodnie to obowi\u0105zkowa pozycja w letnie dni.\" \/>\n<meta property=\"og:url\" content=\"https:\/\/tommytomson.com\/en\/product\/letni-dres-meski\/\" \/>\n<meta property=\"og:site_name\" content=\"TommyTomson - Moda Damska i M\u0119ska\" \/>\n<meta property=\"article:publisher\" content=\"https:\/\/www.facebook.com\/tommytomsoncom\" \/>\n<meta property=\"article:modified_time\" content=\"2025-06-22T17:30:45+00:00\" \/>\n<meta property=\"og:image\" content=\"https:\/\/tommytomson.com\/wp-content\/uploads\/2023\/06\/KMPP.jpg\" \/>\n\t<meta property=\"og:image:width\" content=\"1200\" \/>\n\t<meta property=\"og:image:height\" content=\"1600\" \/>\n\t<meta property=\"og:image:type\" content=\"image\/jpeg\" \/>\n<meta name=\"twitter:card\" content=\"summary_large_image\" \/>\n<meta name=\"twitter:site\" content=\"@tommytomsoncom\" \/>\n<meta name=\"twitter:label1\" content=\"Availability\" \/>\n\t<meta name=\"twitter:data1\" content=\"In stock\" \/>\n<script type=\"application\/ld+json\" class=\"yoast-schema-graph\">{\"@context\":\"https:\/\/schema.org\",\"@graph\":[{\"@type\":\"WebPage\",\"@id\":\"https:\/\/tommytomson.com\/produkt\/letni-dres-meski\/\",\"url\":\"https:\/\/tommytomson.com\/produkt\/letni-dres-meski\/\",\"name\":\"Letni Dres M\u0119ski Tommy - TommyTomson.com\",\"isPartOf\":{\"@id\":\"https:\/\/tommytomson.com\/#website\"},\"primaryImageOfPage\":{\"@id\":\"https:\/\/tommytomson.com\/produkt\/letni-dres-meski\/#primaryimage\"},\"image\":{\"@id\":\"https:\/\/tommytomson.com\/produkt\/letni-dres-meski\/#primaryimage\"},\"thumbnailUrl\":\"https:\/\/tommytomson.com\/wp-content\/uploads\/2023\/06\/KMPP.jpg\",\"datePublished\":\"2023-06-19T15:19:35+00:00\",\"dateModified\":\"2025-06-22T17:30:45+00:00\",\"description\":\"Letni komplet m\u0119ski welurowy w kt\u00f3rego sk\u0142ad wchodzi bluza z kapturem z kr\u00f3tkim r\u0119kawem i kr\u00f3tkie spodnie to obowi\u0105zkowa pozycja w letnie dni.\",\"breadcrumb\":{\"@id\":\"https:\/\/tommytomson.com\/produkt\/letni-dres-meski\/#breadcrumb\"},\"inLanguage\":\"en-GB\",\"potentialAction\":[{\"@type\":\"ReadAction\",\"target\":[\"https:\/\/tommytomson.com\/produkt\/letni-dres-meski\/\"]}]},{\"@type\":\"ImageObject\",\"inLanguage\":\"en-GB\",\"@id\":\"https:\/\/tommytomson.com\/produkt\/letni-dres-meski\/#primaryimage\",\"url\":\"https:\/\/tommytomson.com\/wp-content\/uploads\/2023\/06\/KMPP.jpg\",\"contentUrl\":\"https:\/\/tommytomson.com\/wp-content\/uploads\/2023\/06\/KMPP.jpg\",\"width\":1200,\"height\":1600,\"caption\":\"TommyTomson\"},{\"@type\":\"BreadcrumbList\",\"@id\":\"https:\/\/tommytomson.com\/produkt\/letni-dres-meski\/#breadcrumb\",\"itemListElement\":[{\"@type\":\"ListItem\",\"position\":1,\"name\":\"Strona g\u0142\u00f3wna\",\"item\":\"https:\/\/tommytomson.com\/\"},{\"@type\":\"ListItem\",\"position\":2,\"name\":\"Sklep\",\"item\":\"https:\/\/tommytomson.com\/\"},{\"@type\":\"ListItem\",\"position\":3,\"name\":\"Letni Dres M\u0119ski Tommy\"}]},{\"@type\":\"WebSite\",\"@id\":\"https:\/\/tommytomson.com\/#website\",\"url\":\"https:\/\/tommytomson.com\/\",\"name\":\"TommyTomson - Moda Damska i M\u0119ska\",\"description\":\"Jeste\u015bmy now\u0105 mark\u0105 modow\u0105, specjalizuj\u0105c\u0105 si\u0119 w produkcji wysokiej jako\u015bci odzie\u017cy w\u0142asnej marki. Nasze produkty s\u0105 szyte w Polsce z niezwyk\u0142\u0105 staranno\u015bci\u0105, aby zapewni\u0107 naszym klientom komfort i wygod\u0119.\",\"publisher\":{\"@id\":\"https:\/\/tommytomson.com\/#organization\"},\"potentialAction\":[{\"@type\":\"SearchAction\",\"target\":{\"@type\":\"EntryPoint\",\"urlTemplate\":\"https:\/\/tommytomson.com\/?s={search_term_string}\"},\"query-input\":{\"@type\":\"PropertyValueSpecification\",\"valueRequired\":true,\"valueName\":\"search_term_string\"}}],\"inLanguage\":\"en-GB\"},{\"@type\":\"Organization\",\"@id\":\"https:\/\/tommytomson.com\/#organization\",\"name\":\"TommyTomson\",\"url\":\"https:\/\/tommytomson.com\/\",\"logo\":{\"@type\":\"ImageObject\",\"inLanguage\":\"en-GB\",\"@id\":\"https:\/\/tommytomson.com\/#\/schema\/logo\/image\/\",\"url\":\"https:\/\/tommytomson.com\/wp-content\/uploads\/2024\/01\/obraz_2024-01-09_110540903.png\",\"contentUrl\":\"https:\/\/tommytomson.com\/wp-content\/uploads\/2024\/01\/obraz_2024-01-09_110540903.png\",\"width\":4181,\"height\":514,\"caption\":\"TommyTomson\"},\"image\":{\"@id\":\"https:\/\/tommytomson.com\/#\/schema\/logo\/image\/\"},\"sameAs\":[\"https:\/\/www.facebook.com\/tommytomsoncom\",\"https:\/\/x.com\/tommytomsoncom\",\"https:\/\/www.instagram.com\/tommytomsoncom\/\",\"https:\/\/www.pinterest.com\/tommytomsoncom\/\"]}]}<\/script>\n<meta property=\"og:availability\" content=\"instock\" \/>\n<meta property=\"product:availability\" content=\"instock\" \/>\n<meta property=\"product:condition\" content=\"new\" \/>\n<!-- \/ Yoast SEO Premium plugin. -->","yoast_head_json":{"title":"Letni Dres M\u0119ski Tommy - TommyTomson.com","description":"Letni komplet m\u0119ski welurowy w kt\u00f3rego sk\u0142ad wchodzi bluza z kapturem z kr\u00f3tkim r\u0119kawem i kr\u00f3tkie spodnie to obowi\u0105zkowa pozycja w letnie dni.","robots":{"index":"index","follow":"follow","max-snippet":"max-snippet:-1","max-image-preview":"max-image-preview:large","max-video-preview":"max-video-preview:-1"},"canonical":"https:\/\/tommytomson.com\/en\/product\/letni-dres-meski\/","og_locale":"en_GB","og_type":"article","og_title":"Letni Dres M\u0119ski Tommy","og_description":"Letni komplet m\u0119ski welurowy w kt\u00f3rego sk\u0142ad wchodzi bluza z kapturem z kr\u00f3tkim r\u0119kawem i kr\u00f3tkie spodnie to obowi\u0105zkowa pozycja w letnie dni.","og_url":"https:\/\/tommytomson.com\/en\/product\/letni-dres-meski\/","og_site_name":"TommyTomson - Moda Damska i M\u0119ska","article_publisher":"https:\/\/www.facebook.com\/tommytomsoncom","article_modified_time":"2025-06-22T17:30:45+00:00","og_image":[{"width":1200,"height":1600,"url":"https:\/\/tommytomson.com\/wp-content\/uploads\/2023\/06\/KMPP.jpg","type":"image\/jpeg"}],"twitter_card":"summary_large_image","twitter_site":"@tommytomsoncom","twitter_misc":{"Availability":"In stock"},"schema":{"@context":"https:\/\/schema.org","@graph":[{"@type":"WebPage","@id":"https:\/\/tommytomson.com\/produkt\/letni-dres-meski\/","url":"https:\/\/tommytomson.com\/produkt\/letni-dres-meski\/","name":"Letni Dres M\u0119ski Tommy - TommyTomson.com","isPartOf":{"@id":"https:\/\/tommytomson.com\/#website"},"primaryImageOfPage":{"@id":"https:\/\/tommytomson.com\/produkt\/letni-dres-meski\/#primaryimage"},"image":{"@id":"https:\/\/tommytomson.com\/produkt\/letni-dres-meski\/#primaryimage"},"thumbnailUrl":"https:\/\/tommytomson.com\/wp-content\/uploads\/2023\/06\/KMPP.jpg","datePublished":"2023-06-19T15:19:35+00:00","dateModified":"2025-06-22T17:30:45+00:00","description":"Letni komplet m\u0119ski welurowy w kt\u00f3rego sk\u0142ad wchodzi bluza z kapturem z kr\u00f3tkim r\u0119kawem i kr\u00f3tkie spodnie to obowi\u0105zkowa pozycja w letnie dni.","breadcrumb":{"@id":"https:\/\/tommytomson.com\/produkt\/letni-dres-meski\/#breadcrumb"},"inLanguage":"en-GB","potentialAction":[{"@type":"ReadAction","target":["https:\/\/tommytomson.com\/produkt\/letni-dres-meski\/"]}]},{"@type":"ImageObject","inLanguage":"en-GB","@id":"https:\/\/tommytomson.com\/produkt\/letni-dres-meski\/#primaryimage","url":"https:\/\/tommytomson.com\/wp-content\/uploads\/2023\/06\/KMPP.jpg","contentUrl":"https:\/\/tommytomson.com\/wp-content\/uploads\/2023\/06\/KMPP.jpg","width":1200,"height":1600,"caption":"TommyTomson"},{"@type":"BreadcrumbList","@id":"https:\/\/tommytomson.com\/produkt\/letni-dres-meski\/#breadcrumb","itemListElement":[{"@type":"ListItem","position":1,"name":"Strona g\u0142\u00f3wna","item":"https:\/\/tommytomson.com\/"},{"@type":"ListItem","position":2,"name":"Sklep","item":"https:\/\/tommytomson.com\/"},{"@type":"ListItem","position":3,"name":"Letni Dres M\u0119ski Tommy"}]},{"@type":"WebSite","@id":"https:\/\/tommytomson.com\/#website","url":"https:\/\/tommytomson.com\/","name":"TommyTomson - Moda Damska i M\u0119ska","description":"Jeste\u015bmy now\u0105 mark\u0105 modow\u0105, specjalizuj\u0105c\u0105 si\u0119 w produkcji wysokiej jako\u015bci odzie\u017cy w\u0142asnej marki. Nasze produkty s\u0105 szyte w Polsce z niezwyk\u0142\u0105 staranno\u015bci\u0105, aby zapewni\u0107 naszym klientom komfort i wygod\u0119.","publisher":{"@id":"https:\/\/tommytomson.com\/#organization"},"potentialAction":[{"@type":"SearchAction","target":{"@type":"EntryPoint","urlTemplate":"https:\/\/tommytomson.com\/?s={search_term_string}"},"query-input":{"@type":"PropertyValueSpecification","valueRequired":true,"valueName":"search_term_string"}}],"inLanguage":"en-GB"},{"@type":"Organization","@id":"https:\/\/tommytomson.com\/#organization","name":"TommyTomson","url":"https:\/\/tommytomson.com\/","logo":{"@type":"ImageObject","inLanguage":"en-GB","@id":"https:\/\/tommytomson.com\/#\/schema\/logo\/image\/","url":"https:\/\/tommytomson.com\/wp-content\/uploads\/2024\/01\/obraz_2024-01-09_110540903.png","contentUrl":"https:\/\/tommytomson.com\/wp-content\/uploads\/2024\/01\/obraz_2024-01-09_110540903.png","width":4181,"height":514,"caption":"TommyTomson"},"image":{"@id":"https:\/\/tommytomson.com\/#\/schema\/logo\/image\/"},"sameAs":["https:\/\/www.facebook.com\/tommytomsoncom","https:\/\/x.com\/tommytomsoncom","https:\/\/www.instagram.com\/tommytomsoncom\/","https:\/\/www.pinterest.com\/tommytomsoncom\/"]}]},"og_availability":"instock","product_availability":"instock","product_condition":"new"},"_links":{"self":[{"href":"https:\/\/tommytomson.com\/en\/wp-json\/wp\/v2\/product\/405","targetHints":{"allow":["GET"]}}],"collection":[{"href":"https:\/\/tommytomson.com\/en\/wp-json\/wp\/v2\/product"}],"about":[{"href":"https:\/\/tommytomson.com\/en\/wp-json\/wp\/v2\/types\/product"}],"replies":[{"embeddable":true,"href":"https:\/\/tommytomson.com\/en\/wp-json\/wp\/v2\/comments?post=405"}],"wp:featuredmedia":[{"embeddable":true,"href":"https:\/\/tommytomson.com\/en\/wp-json\/wp\/v2\/media\/636"}],"wp:attachment":[{"href":"https:\/\/tommytomson.com\/en\/wp-json\/wp\/v2\/media?parent=405"}],"wp:term":[{"taxonomy":"product_cat","embeddable":true,"href":"https:\/\/tommytomson.com\/en\/wp-json\/wp\/v2\/product_cat?post=405"},{"taxonomy":"product_tag","embeddable":true,"href":"https:\/\/tommytomson.com\/en\/wp-json\/wp\/v2\/product_tag?post=405"}],"curies":[{"name":"wp","href":"https:\/\/api.w.org\/{rel}","templated":true}]}}