{"id":10,"date":"2023-06-03T15:53:58","date_gmt":"2023-06-03T13:53:58","guid":{"rendered":"https:\/\/tommytomson.com\/?page_id=10"},"modified":"2023-06-03T15:53:58","modified_gmt":"2023-06-03T13:53:58","slug":"koszyk","status":"publish","type":"page","link":"https:\/\/tommytomson.com\/en\/cart\/","title":{"rendered":"Cart"},"content":{"rendered":"","protected":false},"excerpt":{"rendered":"","protected":false},"author":1,"featured_media":0,"parent":0,"menu_order":0,"comment_status":"closed","ping_status":"closed","template":"","meta":{"footnotes":""},"class_list":["post-10","page","type-page","status-publish","hentry"],"blocksy_meta":"","yoast_head":"<!-- This site is optimized with the Yoast SEO Premium plugin v20.9 (Yoast SEO v24.0) - https:\/\/yoast.com\/wordpress\/plugins\/seo\/ -->\n<title>Koszyk - TommyTomson - Moda Damska i M\u0119ska<\/title>\n<meta name=\"robots\" content=\"index, follow, max-snippet:-1, max-image-preview:large, max-video-preview:-1\" \/>\n<link rel=\"canonical\" href=\"https:\/\/tommytomson.com\/en\/cart\/\" \/>\n<meta property=\"og:locale\" content=\"en_GB\" \/>\n<meta property=\"og:type\" content=\"article\" \/>\n<meta property=\"og:title\" content=\"Koszyk\" \/>\n<meta property=\"og:url\" content=\"https:\/\/tommytomson.com\/en\/cart\/\" \/>\n<meta property=\"og:site_name\" content=\"TommyTomson - Moda Damska i M\u0119ska\" \/>\n<meta property=\"article:publisher\" content=\"https:\/\/www.facebook.com\/tommytomsoncom\" \/>\n<meta name=\"twitter:card\" content=\"summary_large_image\" \/>\n<meta name=\"twitter:site\" content=\"@tommytomsoncom\" \/>\n<script type=\"application\/ld+json\" class=\"yoast-schema-graph\">{\"@context\":\"https:\/\/schema.org\",\"@graph\":[{\"@type\":\"WebPage\",\"@id\":\"https:\/\/tommytomson.com\/koszyk\/\",\"url\":\"https:\/\/tommytomson.com\/koszyk\/\",\"name\":\"Koszyk - TommyTomson - Moda Damska i M\u0119ska\",\"isPartOf\":{\"@id\":\"https:\/\/tommytomson.com\/#website\"},\"datePublished\":\"2023-06-03T13:53:58+00:00\",\"dateModified\":\"2023-06-03T13:53:58+00:00\",\"breadcrumb\":{\"@id\":\"https:\/\/tommytomson.com\/koszyk\/#breadcrumb\"},\"inLanguage\":\"en-GB\",\"potentialAction\":[{\"@type\":\"ReadAction\",\"target\":[\"https:\/\/tommytomson.com\/koszyk\/\"]}]},{\"@type\":\"BreadcrumbList\",\"@id\":\"https:\/\/tommytomson.com\/koszyk\/#breadcrumb\",\"itemListElement\":[{\"@type\":\"ListItem\",\"position\":1,\"name\":\"Strona g\u0142\u00f3wna\",\"item\":\"https:\/\/tommytomson.com\/\"},{\"@type\":\"ListItem\",\"position\":2,\"name\":\"Koszyk\"}]},{\"@type\":\"WebSite\",\"@id\":\"https:\/\/tommytomson.com\/#website\",\"url\":\"https:\/\/tommytomson.com\/\",\"name\":\"TommyTomson - Moda Damska i M\u0119ska\",\"description\":\"Jeste\u015bmy now\u0105 mark\u0105 modow\u0105, specjalizuj\u0105c\u0105 si\u0119 w produkcji wysokiej jako\u015bci odzie\u017cy w\u0142asnej marki. Nasze produkty s\u0105 szyte w Polsce z niezwyk\u0142\u0105 staranno\u015bci\u0105, aby zapewni\u0107 naszym klientom komfort i wygod\u0119.\",\"publisher\":{\"@id\":\"https:\/\/tommytomson.com\/#organization\"},\"potentialAction\":[{\"@type\":\"SearchAction\",\"target\":{\"@type\":\"EntryPoint\",\"urlTemplate\":\"https:\/\/tommytomson.com\/?s={search_term_string}\"},\"query-input\":{\"@type\":\"PropertyValueSpecification\",\"valueRequired\":true,\"valueName\":\"search_term_string\"}}],\"inLanguage\":\"en-GB\"},{\"@type\":\"Organization\",\"@id\":\"https:\/\/tommytomson.com\/#organization\",\"name\":\"TommyTomson\",\"url\":\"https:\/\/tommytomson.com\/\",\"logo\":{\"@type\":\"ImageObject\",\"inLanguage\":\"en-GB\",\"@id\":\"https:\/\/tommytomson.com\/#\/schema\/logo\/image\/\",\"url\":\"https:\/\/tommytomson.com\/wp-content\/uploads\/2024\/01\/obraz_2024-01-09_110540903.png\",\"contentUrl\":\"https:\/\/tommytomson.com\/wp-content\/uploads\/2024\/01\/obraz_2024-01-09_110540903.png\",\"width\":4181,\"height\":514,\"caption\":\"TommyTomson\"},\"image\":{\"@id\":\"https:\/\/tommytomson.com\/#\/schema\/logo\/image\/\"},\"sameAs\":[\"https:\/\/www.facebook.com\/tommytomsoncom\",\"https:\/\/x.com\/tommytomsoncom\",\"https:\/\/www.instagram.com\/tommytomsoncom\/\",\"https:\/\/www.pinterest.com\/tommytomsoncom\/\"]}]}<\/script>\n<!-- \/ Yoast SEO Premium plugin. -->","yoast_head_json":{"title":"Koszyk - TommyTomson - Moda Damska i M\u0119ska","robots":{"index":"index","follow":"follow","max-snippet":"max-snippet:-1","max-image-preview":"max-image-preview:large","max-video-preview":"max-video-preview:-1"},"canonical":"https:\/\/tommytomson.com\/en\/cart\/","og_locale":"en_GB","og_type":"article","og_title":"Koszyk","og_url":"https:\/\/tommytomson.com\/en\/cart\/","og_site_name":"TommyTomson - Moda Damska i M\u0119ska","article_publisher":"https:\/\/www.facebook.com\/tommytomsoncom","twitter_card":"summary_large_image","twitter_site":"@tommytomsoncom","schema":{"@context":"https:\/\/schema.org","@graph":[{"@type":"WebPage","@id":"https:\/\/tommytomson.com\/koszyk\/","url":"https:\/\/tommytomson.com\/koszyk\/","name":"Koszyk - TommyTomson - Moda Damska i M\u0119ska","isPartOf":{"@id":"https:\/\/tommytomson.com\/#website"},"datePublished":"2023-06-03T13:53:58+00:00","dateModified":"2023-06-03T13:53:58+00:00","breadcrumb":{"@id":"https:\/\/tommytomson.com\/koszyk\/#breadcrumb"},"inLanguage":"en-GB","potentialAction":[{"@type":"ReadAction","target":["https:\/\/tommytomson.com\/koszyk\/"]}]},{"@type":"BreadcrumbList","@id":"https:\/\/tommytomson.com\/koszyk\/#breadcrumb","itemListElement":[{"@type":"ListItem","position":1,"name":"Strona g\u0142\u00f3wna","item":"https:\/\/tommytomson.com\/"},{"@type":"ListItem","position":2,"name":"Koszyk"}]},{"@type":"WebSite","@id":"https:\/\/tommytomson.com\/#website","url":"https:\/\/tommytomson.com\/","name":"TommyTomson - Moda Damska i M\u0119ska","description":"Jeste\u015bmy now\u0105 mark\u0105 modow\u0105, specjalizuj\u0105c\u0105 si\u0119 w produkcji wysokiej jako\u015bci odzie\u017cy w\u0142asnej marki. Nasze produkty s\u0105 szyte w Polsce z niezwyk\u0142\u0105 staranno\u015bci\u0105, aby zapewni\u0107 naszym klientom komfort i wygod\u0119.","publisher":{"@id":"https:\/\/tommytomson.com\/#organization"},"potentialAction":[{"@type":"SearchAction","target":{"@type":"EntryPoint","urlTemplate":"https:\/\/tommytomson.com\/?s={search_term_string}"},"query-input":{"@type":"PropertyValueSpecification","valueRequired":true,"valueName":"search_term_string"}}],"inLanguage":"en-GB"},{"@type":"Organization","@id":"https:\/\/tommytomson.com\/#organization","name":"TommyTomson","url":"https:\/\/tommytomson.com\/","logo":{"@type":"ImageObject","inLanguage":"en-GB","@id":"https:\/\/tommytomson.com\/#\/schema\/logo\/image\/","url":"https:\/\/tommytomson.com\/wp-content\/uploads\/2024\/01\/obraz_2024-01-09_110540903.png","contentUrl":"https:\/\/tommytomson.com\/wp-content\/uploads\/2024\/01\/obraz_2024-01-09_110540903.png","width":4181,"height":514,"caption":"TommyTomson"},"image":{"@id":"https:\/\/tommytomson.com\/#\/schema\/logo\/image\/"},"sameAs":["https:\/\/www.facebook.com\/tommytomsoncom","https:\/\/x.com\/tommytomsoncom","https:\/\/www.instagram.com\/tommytomsoncom\/","https:\/\/www.pinterest.com\/tommytomsoncom\/"]}]}},"_links":{"self":[{"href":"https:\/\/tommytomson.com\/en\/wp-json\/wp\/v2\/pages\/10","targetHints":{"allow":["GET"]}}],"collection":[{"href":"https:\/\/tommytomson.com\/en\/wp-json\/wp\/v2\/pages"}],"about":[{"href":"https:\/\/tommytomson.com\/en\/wp-json\/wp\/v2\/types\/page"}],"author":[{"embeddable":true,"href":"https:\/\/tommytomson.com\/en\/wp-json\/wp\/v2\/users\/1"}],"replies":[{"embeddable":true,"href":"https:\/\/tommytomson.com\/en\/wp-json\/wp\/v2\/comments?post=10"}],"version-history":[{"count":0,"href":"https:\/\/tommytomson.com\/en\/wp-json\/wp\/v2\/pages\/10\/revisions"}],"wp:attachment":[{"href":"https:\/\/tommytomson.com\/en\/wp-json\/wp\/v2\/media?parent=10"}],"curies":[{"name":"wp","href":"https:\/\/api.w.org\/{rel}","templated":true}]}}